{"id":685,"date":"2015-02-10T09:41:01","date_gmt":"2015-02-10T08:41:01","guid":{"rendered":"https:\/\/asieci.it\/cms\/?page_id=685"},"modified":"2017-05-01T18:32:23","modified_gmt":"2017-05-01T16:32:23","slug":"breve-storia-dellipnosi","status":"publish","type":"page","link":"https:\/\/asieci.it\/cms\/breve-storia-dellipnosi\/","title":{"rendered":"Breve storia dell&#8217;ipnosi"},"content":{"rendered":"<p>L&#8217;ipnosi \u00e8 vecchia quanto l&#8217;umanit\u00e0. <a href=\"https:\/\/asieci.it\/cms\/wp-content\/uploads\/2015\/02\/PAPIRO.jpg\"><img loading=\"lazy\" decoding=\"async\" class=\"size-thumbnail wp-image-690 alignleft\" src=\"https:\/\/asieci.it\/cms\/wp-content\/uploads\/2015\/02\/PAPIRO-150x75.jpg\" alt=\"PAPIRO EBERS\" width=\"150\" height=\"75\" srcset=\"https:\/\/asieci.it\/cms\/wp-content\/uploads\/2015\/02\/PAPIRO-150x75.jpg 150w, https:\/\/asieci.it\/cms\/wp-content\/uploads\/2015\/02\/PAPIRO-300x150.jpg 300w, https:\/\/asieci.it\/cms\/wp-content\/uploads\/2015\/02\/PAPIRO.jpg 317w\" sizes=\"(max-width: 150px) 100vw, 150px\" \/><\/a>\u00c8 riportata nel papiro Ebers dell&#8217;antico Egitto, Cure.<\/p>\n<p>&nbsp;<\/p>\n<p><img loading=\"lazy\" decoding=\"async\" class=\" size-thumbnail wp-image-696 alignright\" src=\"https:\/\/asieci.it\/cms\/wp-content\/uploads\/2015\/02\/FACHIRI-150x114.jpg\" alt=\"FACHIRI\" width=\"150\" height=\"114\" srcset=\"https:\/\/asieci.it\/cms\/wp-content\/uploads\/2015\/02\/FACHIRI-150x114.jpg 150w, https:\/\/asieci.it\/cms\/wp-content\/uploads\/2015\/02\/FACHIRI.jpg 257w\" sizes=\"(max-width: 150px) 100vw, 150px\" \/>I persiani e\u00a0i\u00a0fachiri Indiani praticavano l\u2019autoipnosi ritenendo di possedere in questo stato poteri curativi eccezionali connotando l\u2019ipnosi di un interpretazione mistica che perdurer\u00e0 per diversi secoli<\/p>\n<p>&nbsp;<\/p>\n<hr \/>\n<p><a href=\"https:\/\/asieci.it\/cms\/wp-content\/uploads\/2015\/02\/streghe.jpg\"><img loading=\"lazy\" decoding=\"async\" class=\"size-thumbnail wp-image-692 alignleft\" src=\"https:\/\/asieci.it\/cms\/wp-content\/uploads\/2015\/02\/streghe-105x150.jpg\" alt=\"streghe\" width=\"105\" height=\"150\" srcset=\"https:\/\/asieci.it\/cms\/wp-content\/uploads\/2015\/02\/streghe-105x150.jpg 105w, https:\/\/asieci.it\/cms\/wp-content\/uploads\/2015\/02\/streghe-210x300.jpg 210w, https:\/\/asieci.it\/cms\/wp-content\/uploads\/2015\/02\/streghe.jpg 475w\" sizes=\"(max-width: 105px) 100vw, 105px\" \/><\/a>\u00c8 andata in declino nel Medioevo, con l&#8217;avvento del cristianesimo, essendo erroneamente associati alla stregoneria.<\/p>\n<p>&nbsp;<\/p>\n<p>&nbsp;<\/p>\n<p>&nbsp;<\/p>\n<hr \/>\n<p><a href=\"https:\/\/asieci.it\/cms\/wp-content\/uploads\/2015\/02\/mesmerism-group-cure.jpg\"><img loading=\"lazy\" decoding=\"async\" class=\"size-thumbnail wp-image-693 alignright\" src=\"https:\/\/asieci.it\/cms\/wp-content\/uploads\/2015\/02\/mesmerism-group-cure-e1423562813397-150x86.jpg\" alt=\"MESMERISMO\" width=\"150\" height=\"86\" \/><\/a>C&#8217;\u00e8 stato rinnovato interesse nel diciannovesimo secolo con l\u2019interpretazione mesmeriana del magnetismo come potere assoluto posseduto dall\u2019ipnotista,con l\u2019evolversi del tempo la concezione magnetica con prerogative magiche scomparve.<\/p>\n<hr \/>\n<p><a href=\"https:\/\/asieci.it\/cms\/wp-content\/uploads\/2015\/02\/NANCY.png\"><img loading=\"lazy\" decoding=\"async\" class=\"size-thumbnail wp-image-694 alignleft\" src=\"https:\/\/asieci.it\/cms\/wp-content\/uploads\/2015\/02\/NANCY-150x84.png\" alt=\"NANCY\" width=\"150\" height=\"84\" srcset=\"https:\/\/asieci.it\/cms\/wp-content\/uploads\/2015\/02\/NANCY-150x84.png 150w, https:\/\/asieci.it\/cms\/wp-content\/uploads\/2015\/02\/NANCY-300x168.png 300w, https:\/\/asieci.it\/cms\/wp-content\/uploads\/2015\/02\/NANCY.png 416w\" sizes=\"(max-width: 150px) 100vw, 150px\" \/><\/a><img loading=\"lazy\" decoding=\"async\" class=\" size-thumbnail wp-image-695 alignright\" src=\"https:\/\/asieci.it\/cms\/wp-content\/uploads\/2015\/02\/FREUD-150x83.png\" alt=\"FREUD\" width=\"150\" height=\"83\" srcset=\"https:\/\/asieci.it\/cms\/wp-content\/uploads\/2015\/02\/FREUD-150x83.png 150w, https:\/\/asieci.it\/cms\/wp-content\/uploads\/2015\/02\/FREUD-300x166.png 300w, https:\/\/asieci.it\/cms\/wp-content\/uploads\/2015\/02\/FREUD.png 427w\" sizes=\"(max-width: 150px) 100vw, 150px\" \/>Intorno alla met\u00e0 del milleottocento la scuola dell\u2019ospedale di Nancy produsse esperimenti su migliaia di persone e di fatto l\u2019ipnosi rimane la forma pi\u00f9 importante di cura fino all\u2019avvento della psicoanalisi<br \/>\ne dell\u2019applicazione dell\u2019etere e degli altri anestetici, parve cos\u00ec inutile ottenere quella condizione che da sola poteva dare l\u2019insensibilit\u00e0 al paziente.<\/p>\n<hr \/>\n<p style=\"text-align: left;\"><img loading=\"lazy\" decoding=\"async\" class=\" size-thumbnail wp-image-701 alignleft\" src=\"https:\/\/asieci.it\/cms\/wp-content\/uploads\/2015\/02\/GUERRA1-150x81.png\" alt=\"GUERRA\" width=\"150\" height=\"81\" srcset=\"https:\/\/asieci.it\/cms\/wp-content\/uploads\/2015\/02\/GUERRA1-150x81.png 150w, https:\/\/asieci.it\/cms\/wp-content\/uploads\/2015\/02\/GUERRA1-300x162.png 300w, https:\/\/asieci.it\/cms\/wp-content\/uploads\/2015\/02\/GUERRA1.png 400w\" sizes=\"(max-width: 150px) 100vw, 150px\" \/>Durante la grande guerra l\u2019enorme numero di individui sofferenti a causa dei traumi, subiti richiese la possibilit\u00e0 di una forma abbreviata di terapia e si ritorn\u00f2 ad utilizzare l\u2019ipnosi.<\/p>\n<hr \/>\n<p style=\"text-align: left;\">I risultati eclatanti diedero nuova vita all\u2019Ipnosi.<img loading=\"lazy\" decoding=\"async\" class=\"size-thumbnail wp-image-697 alignright\" src=\"https:\/\/asieci.it\/cms\/wp-content\/uploads\/2015\/02\/ERICKSON-150x110.png\" alt=\"ERICKSON\" width=\"150\" height=\"110\" srcset=\"https:\/\/asieci.it\/cms\/wp-content\/uploads\/2015\/02\/ERICKSON-150x110.png 150w, https:\/\/asieci.it\/cms\/wp-content\/uploads\/2015\/02\/ERICKSON-300x221.png 300w, https:\/\/asieci.it\/cms\/wp-content\/uploads\/2015\/02\/ERICKSON.png 318w\" sizes=\"(max-width: 150px) 100vw, 150px\" \/><\/p>\n<p>Nei primi anni 1950, la British Medical Association ha approvato l&#8217;insegnamento dell\u2019 ipnosi in tutte le scuole di medicina raccomandando le universit\u00e0 di proseguire gli studi e d\u2019insegnarla agli studenti.<\/p>\n<p>La letteratura \u00e8 piena di aneddoti e studi controllati sull&#8217;efficacia dell\u2019 ipnositerapia nella gestione del dolore.<a href=\"https:\/\/asieci.it\/cms\/wp-content\/uploads\/2015\/02\/ISTITUTO-IN-AMERICA.png\"><img loading=\"lazy\" decoding=\"async\" class=\"size-thumbnail wp-image-698 alignright\" src=\"https:\/\/asieci.it\/cms\/wp-content\/uploads\/2015\/02\/ISTITUTO-IN-AMERICA-150x73.png\" alt=\"ISTITUTO IN AMERICA\" width=\"150\" height=\"73\" srcset=\"https:\/\/asieci.it\/cms\/wp-content\/uploads\/2015\/02\/ISTITUTO-IN-AMERICA-150x73.png 150w, https:\/\/asieci.it\/cms\/wp-content\/uploads\/2015\/02\/ISTITUTO-IN-AMERICA-300x146.png 300w, https:\/\/asieci.it\/cms\/wp-content\/uploads\/2015\/02\/ISTITUTO-IN-AMERICA.png 415w\" sizes=\"(max-width: 150px) 100vw, 150px\" \/><\/a><\/p>\n<p>Da allora lo sviluppo della conoscenza di tale pratica clinica \u00e8 in divenire.<\/p>\n<h4><\/h4>\n","protected":false},"excerpt":{"rendered":"<p>L&#8217;ipnosi \u00e8 vecchia quanto l&#8217;umanit\u00e0. \u00c8 riportata nel papiro Ebers dell&#8217;antico Egitto, Cure. &nbsp; I persiani e\u00a0i\u00a0fachiri Indiani praticavano l\u2019autoipnosi ritenendo di possedere in questo stato poteri curativi eccezionali connotando [&hellip;]<\/p>\n","protected":false},"author":94,"featured_media":0,"parent":0,"menu_order":0,"comment_status":"closed","ping_status":"closed","template":"","meta":{"_et_pb_use_builder":"","_et_pb_old_content":"","_et_gb_content_width":"","footnotes":""},"yoast_head":"<!-- This site is optimized with the Yoast SEO plugin v22.8 - https:\/\/yoast.com\/wordpress\/plugins\/seo\/ -->\n<title>Breve storia dell&#039;ipnosi - A.S.I.E.C.I.<\/title>\n<meta name=\"robots\" content=\"index, follow, max-snippet:-1, max-image-preview:large, max-video-preview:-1\" \/>\n<link rel=\"canonical\" href=\"https:\/\/asieci.it\/cms\/breve-storia-dellipnosi\/\" \/>\n<meta property=\"og:locale\" content=\"it_IT\" \/>\n<meta property=\"og:type\" content=\"article\" \/>\n<meta property=\"og:title\" content=\"Breve storia dell&#039;ipnosi - A.S.I.E.C.I.\" \/>\n<meta property=\"og:description\" content=\"L&#8217;ipnosi \u00e8 vecchia quanto l&#8217;umanit\u00e0. \u00c8 riportata nel papiro Ebers dell&#8217;antico Egitto, Cure. &nbsp; I persiani e\u00a0i\u00a0fachiri Indiani praticavano l\u2019autoipnosi ritenendo di possedere in questo stato poteri curativi eccezionali connotando [&hellip;]\" \/>\n<meta property=\"og:url\" content=\"https:\/\/asieci.it\/cms\/breve-storia-dellipnosi\/\" \/>\n<meta property=\"og:site_name\" content=\"A.S.I.E.C.I.\" \/>\n<meta property=\"article:modified_time\" content=\"2017-05-01T16:32:23+00:00\" \/>\n<meta property=\"og:image\" content=\"https:\/\/asieci.it\/cms\/wp-content\/uploads\/2015\/02\/PAPIRO-150x75.jpg\" \/>\n<meta name=\"twitter:label1\" content=\"Tempo di lettura stimato\" \/>\n\t<meta name=\"twitter:data1\" content=\"1 minuto\" \/>\n<script type=\"application\/ld+json\" class=\"yoast-schema-graph\">{\"@context\":\"https:\/\/schema.org\",\"@graph\":[{\"@type\":\"WebPage\",\"@id\":\"https:\/\/asieci.it\/cms\/breve-storia-dellipnosi\/\",\"url\":\"https:\/\/asieci.it\/cms\/breve-storia-dellipnosi\/\",\"name\":\"Breve storia dell'ipnosi - A.S.I.E.C.I.\",\"isPartOf\":{\"@id\":\"https:\/\/asieci.it\/cms\/#website\"},\"primaryImageOfPage\":{\"@id\":\"https:\/\/asieci.it\/cms\/breve-storia-dellipnosi\/#primaryimage\"},\"image\":{\"@id\":\"https:\/\/asieci.it\/cms\/breve-storia-dellipnosi\/#primaryimage\"},\"thumbnailUrl\":\"https:\/\/asieci.it\/cms\/wp-content\/uploads\/2015\/02\/PAPIRO-150x75.jpg\",\"datePublished\":\"2015-02-10T08:41:01+00:00\",\"dateModified\":\"2017-05-01T16:32:23+00:00\",\"breadcrumb\":{\"@id\":\"https:\/\/asieci.it\/cms\/breve-storia-dellipnosi\/#breadcrumb\"},\"inLanguage\":\"it-IT\",\"potentialAction\":[{\"@type\":\"ReadAction\",\"target\":[\"https:\/\/asieci.it\/cms\/breve-storia-dellipnosi\/\"]}]},{\"@type\":\"ImageObject\",\"inLanguage\":\"it-IT\",\"@id\":\"https:\/\/asieci.it\/cms\/breve-storia-dellipnosi\/#primaryimage\",\"url\":\"https:\/\/asieci.it\/cms\/wp-content\/uploads\/2015\/02\/PAPIRO.jpg\",\"contentUrl\":\"https:\/\/asieci.it\/cms\/wp-content\/uploads\/2015\/02\/PAPIRO.jpg\",\"width\":317,\"height\":159},{\"@type\":\"BreadcrumbList\",\"@id\":\"https:\/\/asieci.it\/cms\/breve-storia-dellipnosi\/#breadcrumb\",\"itemListElement\":[{\"@type\":\"ListItem\",\"position\":1,\"name\":\"Home\",\"item\":\"https:\/\/asieci.it\/cms\/\"},{\"@type\":\"ListItem\",\"position\":2,\"name\":\"Breve storia dell&#8217;ipnosi\"}]},{\"@type\":\"WebSite\",\"@id\":\"https:\/\/asieci.it\/cms\/#website\",\"url\":\"https:\/\/asieci.it\/cms\/\",\"name\":\"A.S.I.E.C.I.\",\"description\":\"Associazione Scientifica Infermieri Esperti Comunicazione Ipnotica\",\"publisher\":{\"@id\":\"https:\/\/asieci.it\/cms\/#organization\"},\"potentialAction\":[{\"@type\":\"SearchAction\",\"target\":{\"@type\":\"EntryPoint\",\"urlTemplate\":\"https:\/\/asieci.it\/cms\/?s={search_term_string}\"},\"query-input\":\"required name=search_term_string\"}],\"inLanguage\":\"it-IT\"},{\"@type\":\"Organization\",\"@id\":\"https:\/\/asieci.it\/cms\/#organization\",\"name\":\"ASIECI - Associazione Scientifica Infermieri Esperti Comunicazione Ipnotica\",\"url\":\"https:\/\/asieci.it\/cms\/\",\"logo\":{\"@type\":\"ImageObject\",\"inLanguage\":\"it-IT\",\"@id\":\"https:\/\/asieci.it\/cms\/#\/schema\/logo\/image\/\",\"url\":\"https:\/\/asieci.it\/cms\/wp-content\/uploads\/2015\/12\/Logo.png\",\"contentUrl\":\"https:\/\/asieci.it\/cms\/wp-content\/uploads\/2015\/12\/Logo.png\",\"width\":1025,\"height\":343,\"caption\":\"ASIECI - Associazione Scientifica Infermieri Esperti Comunicazione Ipnotica\"},\"image\":{\"@id\":\"https:\/\/asieci.it\/cms\/#\/schema\/logo\/image\/\"}}]}<\/script>\n<!-- \/ Yoast SEO plugin. -->","yoast_head_json":{"title":"Breve storia dell'ipnosi - A.S.I.E.C.I.","robots":{"index":"index","follow":"follow","max-snippet":"max-snippet:-1","max-image-preview":"max-image-preview:large","max-video-preview":"max-video-preview:-1"},"canonical":"https:\/\/asieci.it\/cms\/breve-storia-dellipnosi\/","og_locale":"it_IT","og_type":"article","og_title":"Breve storia dell'ipnosi - A.S.I.E.C.I.","og_description":"L&#8217;ipnosi \u00e8 vecchia quanto l&#8217;umanit\u00e0. \u00c8 riportata nel papiro Ebers dell&#8217;antico Egitto, Cure. &nbsp; I persiani e\u00a0i\u00a0fachiri Indiani praticavano l\u2019autoipnosi ritenendo di possedere in questo stato poteri curativi eccezionali connotando [&hellip;]","og_url":"https:\/\/asieci.it\/cms\/breve-storia-dellipnosi\/","og_site_name":"A.S.I.E.C.I.","article_modified_time":"2017-05-01T16:32:23+00:00","og_image":[{"url":"https:\/\/asieci.it\/cms\/wp-content\/uploads\/2015\/02\/PAPIRO-150x75.jpg"}],"twitter_misc":{"Tempo di lettura stimato":"1 minuto"},"schema":{"@context":"https:\/\/schema.org","@graph":[{"@type":"WebPage","@id":"https:\/\/asieci.it\/cms\/breve-storia-dellipnosi\/","url":"https:\/\/asieci.it\/cms\/breve-storia-dellipnosi\/","name":"Breve storia dell'ipnosi - A.S.I.E.C.I.","isPartOf":{"@id":"https:\/\/asieci.it\/cms\/#website"},"primaryImageOfPage":{"@id":"https:\/\/asieci.it\/cms\/breve-storia-dellipnosi\/#primaryimage"},"image":{"@id":"https:\/\/asieci.it\/cms\/breve-storia-dellipnosi\/#primaryimage"},"thumbnailUrl":"https:\/\/asieci.it\/cms\/wp-content\/uploads\/2015\/02\/PAPIRO-150x75.jpg","datePublished":"2015-02-10T08:41:01+00:00","dateModified":"2017-05-01T16:32:23+00:00","breadcrumb":{"@id":"https:\/\/asieci.it\/cms\/breve-storia-dellipnosi\/#breadcrumb"},"inLanguage":"it-IT","potentialAction":[{"@type":"ReadAction","target":["https:\/\/asieci.it\/cms\/breve-storia-dellipnosi\/"]}]},{"@type":"ImageObject","inLanguage":"it-IT","@id":"https:\/\/asieci.it\/cms\/breve-storia-dellipnosi\/#primaryimage","url":"https:\/\/asieci.it\/cms\/wp-content\/uploads\/2015\/02\/PAPIRO.jpg","contentUrl":"https:\/\/asieci.it\/cms\/wp-content\/uploads\/2015\/02\/PAPIRO.jpg","width":317,"height":159},{"@type":"BreadcrumbList","@id":"https:\/\/asieci.it\/cms\/breve-storia-dellipnosi\/#breadcrumb","itemListElement":[{"@type":"ListItem","position":1,"name":"Home","item":"https:\/\/asieci.it\/cms\/"},{"@type":"ListItem","position":2,"name":"Breve storia dell&#8217;ipnosi"}]},{"@type":"WebSite","@id":"https:\/\/asieci.it\/cms\/#website","url":"https:\/\/asieci.it\/cms\/","name":"A.S.I.E.C.I.","description":"Associazione Scientifica Infermieri Esperti Comunicazione Ipnotica","publisher":{"@id":"https:\/\/asieci.it\/cms\/#organization"},"potentialAction":[{"@type":"SearchAction","target":{"@type":"EntryPoint","urlTemplate":"https:\/\/asieci.it\/cms\/?s={search_term_string}"},"query-input":"required name=search_term_string"}],"inLanguage":"it-IT"},{"@type":"Organization","@id":"https:\/\/asieci.it\/cms\/#organization","name":"ASIECI - Associazione Scientifica Infermieri Esperti Comunicazione Ipnotica","url":"https:\/\/asieci.it\/cms\/","logo":{"@type":"ImageObject","inLanguage":"it-IT","@id":"https:\/\/asieci.it\/cms\/#\/schema\/logo\/image\/","url":"https:\/\/asieci.it\/cms\/wp-content\/uploads\/2015\/12\/Logo.png","contentUrl":"https:\/\/asieci.it\/cms\/wp-content\/uploads\/2015\/12\/Logo.png","width":1025,"height":343,"caption":"ASIECI - Associazione Scientifica Infermieri Esperti Comunicazione Ipnotica"},"image":{"@id":"https:\/\/asieci.it\/cms\/#\/schema\/logo\/image\/"}}]}},"_links":{"self":[{"href":"https:\/\/asieci.it\/cms\/wp-json\/wp\/v2\/pages\/685"}],"collection":[{"href":"https:\/\/asieci.it\/cms\/wp-json\/wp\/v2\/pages"}],"about":[{"href":"https:\/\/asieci.it\/cms\/wp-json\/wp\/v2\/types\/page"}],"author":[{"embeddable":true,"href":"https:\/\/asieci.it\/cms\/wp-json\/wp\/v2\/users\/94"}],"replies":[{"embeddable":true,"href":"https:\/\/asieci.it\/cms\/wp-json\/wp\/v2\/comments?post=685"}],"version-history":[{"count":0,"href":"https:\/\/asieci.it\/cms\/wp-json\/wp\/v2\/pages\/685\/revisions"}],"wp:attachment":[{"href":"https:\/\/asieci.it\/cms\/wp-json\/wp\/v2\/media?parent=685"}],"curies":[{"name":"wp","href":"https:\/\/api.w.org\/{rel}","templated":true}]}}