{"id":45,"date":"2014-10-19T09:47:47","date_gmt":"2014-10-19T07:47:47","guid":{"rendered":"https:\/\/asieci.it\/cms\/?page_id=45"},"modified":"2015-02-10T08:37:29","modified_gmt":"2015-02-10T07:37:29","slug":"ci-ambito-infermieristico","status":"publish","type":"page","link":"https:\/\/asieci.it\/cms\/comunicazione-ipnotica\/ci-ambito-infermieristico\/","title":{"rendered":"CI &#8211; ambito infermieristico"},"content":{"rendered":"<h4><strong>Comunicazione ipnotica in ambito infermieristico &#8211; riferimenti normativi<\/strong><\/h4>\n<h4>Uno degli obiettivi dell&#8217;assistenza infermieristica \u00e8 quello di favorire lo sviluppo nel paziente, dell&#8217;autoefficacia, dell&#8217;autodeterminazione, della stima di s\u00e9, facendo emergere risorse latenti e portando l&#8217;individuo a riappropriarsi consapevolmente del suo potenziale. Utilizzare la comunicazione ipnotica durante l\u2019assistenza nelle procedure invasive, rientra tra gli strumenti che gli infermieri possono utilizzare per portare l\u2019individuo a vivere l\u2019esperienza di cura in modo originale e appropriato alla ricerca di un maggior benessere psico \u2013 fisico.<\/h4>\n<h4>La responsabilit\u00e0 clinico-assistenziale dell\u2019infermiere viene determinata peculiarmente dalla Legge 42\/99 che, citandolo come criterio discriminante del <em>campo proprio di attivit<\/em>\u00e0 e responsabil<em>it<\/em>\u00e0 delle professioni san<em>itarie&#8230; \u00e8 determinato dai contenuti dei decreti ministeriali istitutivi dei relativi profili professionali&#8230;, <\/em>individua come prima e essenziale fonte normativa il DM 14 settembre 1994, n. 739, \u201c<em>Regolamento concernente l\u2019individuazione della figura e del relativo profilo professionale dell\u2019infermiere<\/em>\u201d. Il profilo definisce l\u2019infermiere (art. 1 comma 1) attribuendogli la piena responsabilit\u00e0 per quanto riguarda l\u2019assistenza generale infermieristica, con assunzione quindi della responsabilit\u00e0 dell&#8217;intero processo assistenziale (art. 1, comma 2 e 3), <em>dalla raccolta dei dati all\u2019identificazione dei bisogni di assistenza infermieristica alla pianificazione, gestione e valutazione dell\u2019intervento assistenziale infermieristico<\/em>, inteso come processo messo in atto dall\u2019infermiere come risposta ad un bisogno specifico della persona assistita.<\/h4>\n<h4><em>O<\/em>vviamente l&#8217;altro fondamentale riferimento normativo \u00e8 rappresentato dal codice deontologico e soprattutto l\u2019 ART 34. <em>L&#8217;infermiere si attiva per prevenire e contrastare il dolore e alleviare la sofferenza. Si adopera affinch\u00e9 l\u2019assistito riceva tutti i trattamenti necessari. <\/em>In questo articolo viene attribuito all&#8217;infermiere un ruolo attivo nel mettere in campo tutte le strategie atte a prevenire e contrastare il dolore e la sofferenza.<\/h4>\n<h4>L\u2019Infermiere con competenza certificata specifica realizza un\u2019assistenza mirata alla soluzione dei problemi di salute e alla necessit\u00e0 di aiuto alla persona assista. \u00c8 proprio in questa ottica di acquisizione di competenza specifiche e certificate che \u00e8 indispensabile delineare e sviluppare il percorso formativo necessario all&#8217;esercizio autonomo della competenza di comunicazione ipnotica.<\/h4>\n","protected":false},"excerpt":{"rendered":"<p>Comunicazione ipnotica in ambito infermieristico &#8211; riferimenti normativi Uno degli obiettivi dell&#8217;assistenza infermieristica \u00e8 quello di favorire lo sviluppo nel paziente, dell&#8217;autoefficacia, dell&#8217;autodeterminazione, della stima di s\u00e9, facendo emergere risorse [&hellip;]<\/p>\n","protected":false},"author":94,"featured_media":0,"parent":41,"menu_order":0,"comment_status":"closed","ping_status":"closed","template":"","meta":{"_et_pb_use_builder":"","_et_pb_old_content":"","_et_gb_content_width":"","footnotes":""},"yoast_head":"<!-- This site is optimized with the Yoast SEO plugin v22.8 - https:\/\/yoast.com\/wordpress\/plugins\/seo\/ -->\n<title>CI - ambito infermieristico - A.S.I.E.C.I.<\/title>\n<meta name=\"robots\" content=\"index, follow, max-snippet:-1, max-image-preview:large, max-video-preview:-1\" \/>\n<link rel=\"canonical\" href=\"https:\/\/asieci.it\/cms\/comunicazione-ipnotica\/ci-ambito-infermieristico\/\" \/>\n<meta property=\"og:locale\" content=\"it_IT\" \/>\n<meta property=\"og:type\" content=\"article\" \/>\n<meta property=\"og:title\" content=\"CI - ambito infermieristico - A.S.I.E.C.I.\" \/>\n<meta property=\"og:description\" content=\"Comunicazione ipnotica in ambito infermieristico &#8211; riferimenti normativi Uno degli obiettivi dell&#8217;assistenza infermieristica \u00e8 quello di favorire lo sviluppo nel paziente, dell&#8217;autoefficacia, dell&#8217;autodeterminazione, della stima di s\u00e9, facendo emergere risorse [&hellip;]\" \/>\n<meta property=\"og:url\" content=\"https:\/\/asieci.it\/cms\/comunicazione-ipnotica\/ci-ambito-infermieristico\/\" \/>\n<meta property=\"og:site_name\" content=\"A.S.I.E.C.I.\" \/>\n<meta property=\"article:modified_time\" content=\"2015-02-10T07:37:29+00:00\" \/>\n<meta name=\"twitter:label1\" content=\"Tempo di lettura stimato\" \/>\n\t<meta name=\"twitter:data1\" content=\"2 minuti\" \/>\n<script type=\"application\/ld+json\" class=\"yoast-schema-graph\">{\"@context\":\"https:\/\/schema.org\",\"@graph\":[{\"@type\":\"WebPage\",\"@id\":\"https:\/\/asieci.it\/cms\/comunicazione-ipnotica\/ci-ambito-infermieristico\/\",\"url\":\"https:\/\/asieci.it\/cms\/comunicazione-ipnotica\/ci-ambito-infermieristico\/\",\"name\":\"CI - ambito infermieristico - A.S.I.E.C.I.\",\"isPartOf\":{\"@id\":\"https:\/\/asieci.it\/cms\/#website\"},\"datePublished\":\"2014-10-19T07:47:47+00:00\",\"dateModified\":\"2015-02-10T07:37:29+00:00\",\"breadcrumb\":{\"@id\":\"https:\/\/asieci.it\/cms\/comunicazione-ipnotica\/ci-ambito-infermieristico\/#breadcrumb\"},\"inLanguage\":\"it-IT\",\"potentialAction\":[{\"@type\":\"ReadAction\",\"target\":[\"https:\/\/asieci.it\/cms\/comunicazione-ipnotica\/ci-ambito-infermieristico\/\"]}]},{\"@type\":\"BreadcrumbList\",\"@id\":\"https:\/\/asieci.it\/cms\/comunicazione-ipnotica\/ci-ambito-infermieristico\/#breadcrumb\",\"itemListElement\":[{\"@type\":\"ListItem\",\"position\":1,\"name\":\"Home\",\"item\":\"https:\/\/asieci.it\/cms\/\"},{\"@type\":\"ListItem\",\"position\":2,\"name\":\"Comunicazione ipnotica\",\"item\":\"https:\/\/asieci.it\/cms\/comunicazione-ipnotica\/\"},{\"@type\":\"ListItem\",\"position\":3,\"name\":\"CI &#8211; ambito infermieristico\"}]},{\"@type\":\"WebSite\",\"@id\":\"https:\/\/asieci.it\/cms\/#website\",\"url\":\"https:\/\/asieci.it\/cms\/\",\"name\":\"A.S.I.E.C.I.\",\"description\":\"Associazione Scientifica Infermieri Esperti Comunicazione Ipnotica\",\"publisher\":{\"@id\":\"https:\/\/asieci.it\/cms\/#organization\"},\"potentialAction\":[{\"@type\":\"SearchAction\",\"target\":{\"@type\":\"EntryPoint\",\"urlTemplate\":\"https:\/\/asieci.it\/cms\/?s={search_term_string}\"},\"query-input\":\"required name=search_term_string\"}],\"inLanguage\":\"it-IT\"},{\"@type\":\"Organization\",\"@id\":\"https:\/\/asieci.it\/cms\/#organization\",\"name\":\"ASIECI - Associazione Scientifica Infermieri Esperti Comunicazione Ipnotica\",\"url\":\"https:\/\/asieci.it\/cms\/\",\"logo\":{\"@type\":\"ImageObject\",\"inLanguage\":\"it-IT\",\"@id\":\"https:\/\/asieci.it\/cms\/#\/schema\/logo\/image\/\",\"url\":\"https:\/\/asieci.it\/cms\/wp-content\/uploads\/2015\/12\/Logo.png\",\"contentUrl\":\"https:\/\/asieci.it\/cms\/wp-content\/uploads\/2015\/12\/Logo.png\",\"width\":1025,\"height\":343,\"caption\":\"ASIECI - Associazione Scientifica Infermieri Esperti Comunicazione Ipnotica\"},\"image\":{\"@id\":\"https:\/\/asieci.it\/cms\/#\/schema\/logo\/image\/\"}}]}<\/script>\n<!-- \/ Yoast SEO plugin. -->","yoast_head_json":{"title":"CI - ambito infermieristico - A.S.I.E.C.I.","robots":{"index":"index","follow":"follow","max-snippet":"max-snippet:-1","max-image-preview":"max-image-preview:large","max-video-preview":"max-video-preview:-1"},"canonical":"https:\/\/asieci.it\/cms\/comunicazione-ipnotica\/ci-ambito-infermieristico\/","og_locale":"it_IT","og_type":"article","og_title":"CI - ambito infermieristico - A.S.I.E.C.I.","og_description":"Comunicazione ipnotica in ambito infermieristico &#8211; riferimenti normativi Uno degli obiettivi dell&#8217;assistenza infermieristica \u00e8 quello di favorire lo sviluppo nel paziente, dell&#8217;autoefficacia, dell&#8217;autodeterminazione, della stima di s\u00e9, facendo emergere risorse [&hellip;]","og_url":"https:\/\/asieci.it\/cms\/comunicazione-ipnotica\/ci-ambito-infermieristico\/","og_site_name":"A.S.I.E.C.I.","article_modified_time":"2015-02-10T07:37:29+00:00","twitter_misc":{"Tempo di lettura stimato":"2 minuti"},"schema":{"@context":"https:\/\/schema.org","@graph":[{"@type":"WebPage","@id":"https:\/\/asieci.it\/cms\/comunicazione-ipnotica\/ci-ambito-infermieristico\/","url":"https:\/\/asieci.it\/cms\/comunicazione-ipnotica\/ci-ambito-infermieristico\/","name":"CI - ambito infermieristico - A.S.I.E.C.I.","isPartOf":{"@id":"https:\/\/asieci.it\/cms\/#website"},"datePublished":"2014-10-19T07:47:47+00:00","dateModified":"2015-02-10T07:37:29+00:00","breadcrumb":{"@id":"https:\/\/asieci.it\/cms\/comunicazione-ipnotica\/ci-ambito-infermieristico\/#breadcrumb"},"inLanguage":"it-IT","potentialAction":[{"@type":"ReadAction","target":["https:\/\/asieci.it\/cms\/comunicazione-ipnotica\/ci-ambito-infermieristico\/"]}]},{"@type":"BreadcrumbList","@id":"https:\/\/asieci.it\/cms\/comunicazione-ipnotica\/ci-ambito-infermieristico\/#breadcrumb","itemListElement":[{"@type":"ListItem","position":1,"name":"Home","item":"https:\/\/asieci.it\/cms\/"},{"@type":"ListItem","position":2,"name":"Comunicazione ipnotica","item":"https:\/\/asieci.it\/cms\/comunicazione-ipnotica\/"},{"@type":"ListItem","position":3,"name":"CI &#8211; ambito infermieristico"}]},{"@type":"WebSite","@id":"https:\/\/asieci.it\/cms\/#website","url":"https:\/\/asieci.it\/cms\/","name":"A.S.I.E.C.I.","description":"Associazione Scientifica Infermieri Esperti Comunicazione Ipnotica","publisher":{"@id":"https:\/\/asieci.it\/cms\/#organization"},"potentialAction":[{"@type":"SearchAction","target":{"@type":"EntryPoint","urlTemplate":"https:\/\/asieci.it\/cms\/?s={search_term_string}"},"query-input":"required name=search_term_string"}],"inLanguage":"it-IT"},{"@type":"Organization","@id":"https:\/\/asieci.it\/cms\/#organization","name":"ASIECI - Associazione Scientifica Infermieri Esperti Comunicazione Ipnotica","url":"https:\/\/asieci.it\/cms\/","logo":{"@type":"ImageObject","inLanguage":"it-IT","@id":"https:\/\/asieci.it\/cms\/#\/schema\/logo\/image\/","url":"https:\/\/asieci.it\/cms\/wp-content\/uploads\/2015\/12\/Logo.png","contentUrl":"https:\/\/asieci.it\/cms\/wp-content\/uploads\/2015\/12\/Logo.png","width":1025,"height":343,"caption":"ASIECI - Associazione Scientifica Infermieri Esperti Comunicazione Ipnotica"},"image":{"@id":"https:\/\/asieci.it\/cms\/#\/schema\/logo\/image\/"}}]}},"_links":{"self":[{"href":"https:\/\/asieci.it\/cms\/wp-json\/wp\/v2\/pages\/45"}],"collection":[{"href":"https:\/\/asieci.it\/cms\/wp-json\/wp\/v2\/pages"}],"about":[{"href":"https:\/\/asieci.it\/cms\/wp-json\/wp\/v2\/types\/page"}],"author":[{"embeddable":true,"href":"https:\/\/asieci.it\/cms\/wp-json\/wp\/v2\/users\/94"}],"replies":[{"embeddable":true,"href":"https:\/\/asieci.it\/cms\/wp-json\/wp\/v2\/comments?post=45"}],"version-history":[{"count":0,"href":"https:\/\/asieci.it\/cms\/wp-json\/wp\/v2\/pages\/45\/revisions"}],"up":[{"embeddable":true,"href":"https:\/\/asieci.it\/cms\/wp-json\/wp\/v2\/pages\/41"}],"wp:attachment":[{"href":"https:\/\/asieci.it\/cms\/wp-json\/wp\/v2\/media?parent=45"}],"curies":[{"name":"wp","href":"https:\/\/api.w.org\/{rel}","templated":true}]}}