{"id":169,"date":"2015-01-01T17:50:13","date_gmt":"2015-01-01T16:50:13","guid":{"rendered":"https:\/\/asieci.it\/cms\/?page_id=169"},"modified":"2015-12-05T11:16:25","modified_gmt":"2015-12-05T10:16:25","slug":"chi-siamo","status":"publish","type":"page","link":"https:\/\/asieci.it\/cms\/chi-siamo\/","title":{"rendered":"La nostra storia"},"content":{"rendered":"<h3><a href=\"https:\/\/asieci.it\/cms\/wp-content\/uploads\/2014\/10\/foto.png\"><img loading=\"lazy\" decoding=\"async\" class=\"alignnone wp-image-120\" src=\"https:\/\/asieci.it\/cms\/wp-content\/uploads\/2014\/10\/foto.png\" alt=\"foto\" width=\"812\" height=\"541\" srcset=\"https:\/\/asieci.it\/cms\/wp-content\/uploads\/2014\/10\/foto.png 675w, https:\/\/asieci.it\/cms\/wp-content\/uploads\/2014\/10\/foto-150x100.png 150w, https:\/\/asieci.it\/cms\/wp-content\/uploads\/2014\/10\/foto-300x200.png 300w, https:\/\/asieci.it\/cms\/wp-content\/uploads\/2014\/10\/foto-600x400.png 600w\" sizes=\"(max-width: 812px) 100vw, 812px\" \/><\/a><\/h3>\n<h4>Era Dicembre 2012, un messaggio messo alla bollatrice:<\/h4>\n<h4>\u201cGli infermieri diplomati esperti in comunicazione ipnotica CIICS possono contattarmi per conoscersi e condividere le esperienze, vorrei creare un gruppo d\u2019incontro per crescere insieme\u2026\u201d<\/h4>\n<h4>Un primo incontro con un dolce e una tazza di t\u00e8 da gustare insieme e guardarci negli occhi per sapere chi eravamo, quanti, dove prestavamo servizio, applicavamo le tecniche, che difficolt\u00e0 incontravamo\u2026<\/h4>\n<h4>Condividere le diverse esperienze e continuare nella crescita formativa, \u00e8 stata un\u2019esigenza spontanea e dopo anni di sporadici incontri nel dicembre 2012 una dozzina di infermieri, ha deciso di intraprendere un percorso di sviluppo e si \u00e8 costituita in una <em>community of practice<\/em> accogliendo anche altre figure professionali, dallo psicologo, al medico, al fisioterapista, all\u2019educatore.<\/h4>\n<h4>Per due anni questi incontri settimanali hanno avuto l\u2019obiettivo di migliorare le competenze specifiche in questo ambito, traducendole in azioni di <em>caring<\/em> aggiornate sulla base delle evidenze scientifiche e sul confronto delle reciproche esperienze.<\/h4>\n<h4>Il nostro operato ha avuto un&#8217;importante eco, molti colleghi ci hanno chiesto consulenza, collaborazione e formazione.<\/h4>\n<h4>Considerata l\u2019evoluzione che ci ha visti attivamente partecipi, abbiamo potuto consolidare la nostra esperienza professionale attraverso il sostegno e la collaborazione con il Collegio I.P.A.S.V.I. di Torino da cui abbiamo ricevuto il plauso per l\u2019operato svolto. Con entusiasmo ha preso forma l\u2019idea di costituirci in associazione, il collegio ci ha dato la disponibilit\u00e0 una volta alla settimana di incontrarci nei locali di quella che riconosciamo come \u201cla nostra casa\u201d, l\u2019assistenza continua e la presenza di un consigliere del direttivo, la consulenza del legale e della commercialista.<\/h4>\n<h4>Cos\u00ec oggi 4 Ottobre 2014 \u00e8 nata l\u2019 A.S.I.E.C.I. (Associazione Scientifica Infermieri Esperti Comunicazione Ipnotica). Questa associazione, vuole incrementare ogni iniziativa adatta a far conoscere la cultura e il corretto impiego dell\u2019ipnosi clinica, in modo che diventi una modalit\u00e0 sempre pi\u00f9 diffusa per rendere ancora pi\u00f9 efficace il <em>caring<\/em> infermieristico, mettendoci al passo con le realt\u00e0 assistenziali internazionali.<\/h4>\n","protected":false},"excerpt":{"rendered":"<p>Era Dicembre 2012, un messaggio messo alla bollatrice: \u201cGli infermieri diplomati esperti in comunicazione ipnotica CIICS possono contattarmi per conoscersi e condividere le esperienze, vorrei creare un gruppo d\u2019incontro per [&hellip;]<\/p>\n","protected":false},"author":94,"featured_media":0,"parent":0,"menu_order":0,"comment_status":"closed","ping_status":"closed","template":"","meta":{"_et_pb_use_builder":"","_et_pb_old_content":"","_et_gb_content_width":"","footnotes":""},"yoast_head":"<!-- This site is optimized with the Yoast SEO plugin v22.8 - https:\/\/yoast.com\/wordpress\/plugins\/seo\/ -->\n<title>La nostra storia - A.S.I.E.C.I.<\/title>\n<meta name=\"robots\" content=\"index, follow, max-snippet:-1, max-image-preview:large, max-video-preview:-1\" \/>\n<link rel=\"canonical\" href=\"https:\/\/asieci.it\/cms\/chi-siamo\/\" \/>\n<meta property=\"og:locale\" content=\"it_IT\" \/>\n<meta property=\"og:type\" content=\"article\" \/>\n<meta property=\"og:title\" content=\"La nostra storia - A.S.I.E.C.I.\" \/>\n<meta property=\"og:description\" content=\"Era Dicembre 2012, un messaggio messo alla bollatrice: \u201cGli infermieri diplomati esperti in comunicazione ipnotica CIICS possono contattarmi per conoscersi e condividere le esperienze, vorrei creare un gruppo d\u2019incontro per [&hellip;]\" \/>\n<meta property=\"og:url\" content=\"https:\/\/asieci.it\/cms\/chi-siamo\/\" \/>\n<meta property=\"og:site_name\" content=\"A.S.I.E.C.I.\" \/>\n<meta property=\"article:modified_time\" content=\"2015-12-05T10:16:25+00:00\" \/>\n<meta property=\"og:image\" content=\"https:\/\/asieci.it\/cms\/wp-content\/uploads\/2014\/10\/foto.png\" \/>\n<meta name=\"twitter:label1\" content=\"Tempo di lettura stimato\" \/>\n\t<meta name=\"twitter:data1\" content=\"2 minuti\" \/>\n<script type=\"application\/ld+json\" class=\"yoast-schema-graph\">{\"@context\":\"https:\/\/schema.org\",\"@graph\":[{\"@type\":\"WebPage\",\"@id\":\"https:\/\/asieci.it\/cms\/chi-siamo\/\",\"url\":\"https:\/\/asieci.it\/cms\/chi-siamo\/\",\"name\":\"La nostra storia - A.S.I.E.C.I.\",\"isPartOf\":{\"@id\":\"https:\/\/asieci.it\/cms\/#website\"},\"primaryImageOfPage\":{\"@id\":\"https:\/\/asieci.it\/cms\/chi-siamo\/#primaryimage\"},\"image\":{\"@id\":\"https:\/\/asieci.it\/cms\/chi-siamo\/#primaryimage\"},\"thumbnailUrl\":\"https:\/\/asieci.it\/cms\/wp-content\/uploads\/2014\/10\/foto.png\",\"datePublished\":\"2015-01-01T16:50:13+00:00\",\"dateModified\":\"2015-12-05T10:16:25+00:00\",\"breadcrumb\":{\"@id\":\"https:\/\/asieci.it\/cms\/chi-siamo\/#breadcrumb\"},\"inLanguage\":\"it-IT\",\"potentialAction\":[{\"@type\":\"ReadAction\",\"target\":[\"https:\/\/asieci.it\/cms\/chi-siamo\/\"]}]},{\"@type\":\"ImageObject\",\"inLanguage\":\"it-IT\",\"@id\":\"https:\/\/asieci.it\/cms\/chi-siamo\/#primaryimage\",\"url\":\"https:\/\/asieci.it\/cms\/wp-content\/uploads\/2014\/10\/foto.png\",\"contentUrl\":\"https:\/\/asieci.it\/cms\/wp-content\/uploads\/2014\/10\/foto.png\",\"width\":675,\"height\":450},{\"@type\":\"BreadcrumbList\",\"@id\":\"https:\/\/asieci.it\/cms\/chi-siamo\/#breadcrumb\",\"itemListElement\":[{\"@type\":\"ListItem\",\"position\":1,\"name\":\"Home\",\"item\":\"https:\/\/asieci.it\/cms\/\"},{\"@type\":\"ListItem\",\"position\":2,\"name\":\"La nostra storia\"}]},{\"@type\":\"WebSite\",\"@id\":\"https:\/\/asieci.it\/cms\/#website\",\"url\":\"https:\/\/asieci.it\/cms\/\",\"name\":\"A.S.I.E.C.I.\",\"description\":\"Associazione Scientifica Infermieri Esperti Comunicazione Ipnotica\",\"publisher\":{\"@id\":\"https:\/\/asieci.it\/cms\/#organization\"},\"potentialAction\":[{\"@type\":\"SearchAction\",\"target\":{\"@type\":\"EntryPoint\",\"urlTemplate\":\"https:\/\/asieci.it\/cms\/?s={search_term_string}\"},\"query-input\":\"required name=search_term_string\"}],\"inLanguage\":\"it-IT\"},{\"@type\":\"Organization\",\"@id\":\"https:\/\/asieci.it\/cms\/#organization\",\"name\":\"ASIECI - Associazione Scientifica Infermieri Esperti Comunicazione Ipnotica\",\"url\":\"https:\/\/asieci.it\/cms\/\",\"logo\":{\"@type\":\"ImageObject\",\"inLanguage\":\"it-IT\",\"@id\":\"https:\/\/asieci.it\/cms\/#\/schema\/logo\/image\/\",\"url\":\"https:\/\/asieci.it\/cms\/wp-content\/uploads\/2015\/12\/Logo.png\",\"contentUrl\":\"https:\/\/asieci.it\/cms\/wp-content\/uploads\/2015\/12\/Logo.png\",\"width\":1025,\"height\":343,\"caption\":\"ASIECI - Associazione Scientifica Infermieri Esperti Comunicazione Ipnotica\"},\"image\":{\"@id\":\"https:\/\/asieci.it\/cms\/#\/schema\/logo\/image\/\"}}]}<\/script>\n<!-- \/ Yoast SEO plugin. -->","yoast_head_json":{"title":"La nostra storia - A.S.I.E.C.I.","robots":{"index":"index","follow":"follow","max-snippet":"max-snippet:-1","max-image-preview":"max-image-preview:large","max-video-preview":"max-video-preview:-1"},"canonical":"https:\/\/asieci.it\/cms\/chi-siamo\/","og_locale":"it_IT","og_type":"article","og_title":"La nostra storia - A.S.I.E.C.I.","og_description":"Era Dicembre 2012, un messaggio messo alla bollatrice: \u201cGli infermieri diplomati esperti in comunicazione ipnotica CIICS possono contattarmi per conoscersi e condividere le esperienze, vorrei creare un gruppo d\u2019incontro per [&hellip;]","og_url":"https:\/\/asieci.it\/cms\/chi-siamo\/","og_site_name":"A.S.I.E.C.I.","article_modified_time":"2015-12-05T10:16:25+00:00","og_image":[{"url":"https:\/\/asieci.it\/cms\/wp-content\/uploads\/2014\/10\/foto.png"}],"twitter_misc":{"Tempo di lettura stimato":"2 minuti"},"schema":{"@context":"https:\/\/schema.org","@graph":[{"@type":"WebPage","@id":"https:\/\/asieci.it\/cms\/chi-siamo\/","url":"https:\/\/asieci.it\/cms\/chi-siamo\/","name":"La nostra storia - A.S.I.E.C.I.","isPartOf":{"@id":"https:\/\/asieci.it\/cms\/#website"},"primaryImageOfPage":{"@id":"https:\/\/asieci.it\/cms\/chi-siamo\/#primaryimage"},"image":{"@id":"https:\/\/asieci.it\/cms\/chi-siamo\/#primaryimage"},"thumbnailUrl":"https:\/\/asieci.it\/cms\/wp-content\/uploads\/2014\/10\/foto.png","datePublished":"2015-01-01T16:50:13+00:00","dateModified":"2015-12-05T10:16:25+00:00","breadcrumb":{"@id":"https:\/\/asieci.it\/cms\/chi-siamo\/#breadcrumb"},"inLanguage":"it-IT","potentialAction":[{"@type":"ReadAction","target":["https:\/\/asieci.it\/cms\/chi-siamo\/"]}]},{"@type":"ImageObject","inLanguage":"it-IT","@id":"https:\/\/asieci.it\/cms\/chi-siamo\/#primaryimage","url":"https:\/\/asieci.it\/cms\/wp-content\/uploads\/2014\/10\/foto.png","contentUrl":"https:\/\/asieci.it\/cms\/wp-content\/uploads\/2014\/10\/foto.png","width":675,"height":450},{"@type":"BreadcrumbList","@id":"https:\/\/asieci.it\/cms\/chi-siamo\/#breadcrumb","itemListElement":[{"@type":"ListItem","position":1,"name":"Home","item":"https:\/\/asieci.it\/cms\/"},{"@type":"ListItem","position":2,"name":"La nostra storia"}]},{"@type":"WebSite","@id":"https:\/\/asieci.it\/cms\/#website","url":"https:\/\/asieci.it\/cms\/","name":"A.S.I.E.C.I.","description":"Associazione Scientifica Infermieri Esperti Comunicazione Ipnotica","publisher":{"@id":"https:\/\/asieci.it\/cms\/#organization"},"potentialAction":[{"@type":"SearchAction","target":{"@type":"EntryPoint","urlTemplate":"https:\/\/asieci.it\/cms\/?s={search_term_string}"},"query-input":"required name=search_term_string"}],"inLanguage":"it-IT"},{"@type":"Organization","@id":"https:\/\/asieci.it\/cms\/#organization","name":"ASIECI - Associazione Scientifica Infermieri Esperti Comunicazione Ipnotica","url":"https:\/\/asieci.it\/cms\/","logo":{"@type":"ImageObject","inLanguage":"it-IT","@id":"https:\/\/asieci.it\/cms\/#\/schema\/logo\/image\/","url":"https:\/\/asieci.it\/cms\/wp-content\/uploads\/2015\/12\/Logo.png","contentUrl":"https:\/\/asieci.it\/cms\/wp-content\/uploads\/2015\/12\/Logo.png","width":1025,"height":343,"caption":"ASIECI - Associazione Scientifica Infermieri Esperti Comunicazione Ipnotica"},"image":{"@id":"https:\/\/asieci.it\/cms\/#\/schema\/logo\/image\/"}}]}},"_links":{"self":[{"href":"https:\/\/asieci.it\/cms\/wp-json\/wp\/v2\/pages\/169"}],"collection":[{"href":"https:\/\/asieci.it\/cms\/wp-json\/wp\/v2\/pages"}],"about":[{"href":"https:\/\/asieci.it\/cms\/wp-json\/wp\/v2\/types\/page"}],"author":[{"embeddable":true,"href":"https:\/\/asieci.it\/cms\/wp-json\/wp\/v2\/users\/94"}],"replies":[{"embeddable":true,"href":"https:\/\/asieci.it\/cms\/wp-json\/wp\/v2\/comments?post=169"}],"version-history":[{"count":0,"href":"https:\/\/asieci.it\/cms\/wp-json\/wp\/v2\/pages\/169\/revisions"}],"wp:attachment":[{"href":"https:\/\/asieci.it\/cms\/wp-json\/wp\/v2\/media?parent=169"}],"curies":[{"name":"wp","href":"https:\/\/api.w.org\/{rel}","templated":true}]}}